{"id":3827,"date":"2026-03-31T06:54:03","date_gmt":"2026-03-31T06:54:03","guid":{"rendered":"https:\/\/www.conceptflats.com\/politica-di-privacy\/"},"modified":"2026-03-31T06:54:03","modified_gmt":"2026-03-31T06:54:03","slug":"politica-di-privacy","status":"publish","type":"page","link":"https:\/\/www.conceptflats.com\/it\/politica-di-privacy\/","title":{"rendered":"Politica di Privacy"},"content":{"rendered":"<div id=\"politicas-contenido\"><div class=\"box\">\r\n<div id=\"contentAvisoLegal\">\r\n    <h1 data-start=\"124\" data-end=\"148\">POLITICA SULLA PRIVACY<\/h1>\r\n<p data-start=\"150\" data-end=\"439\">La presente Politica sulla Privacy ha lo scopo di informare gli utenti del sito web<span class=\"Apple-converted-space\">\u00a0<\/span><a class=\"decorated-link\" href=\"http:\/\/www.conceptflats.com\/\" target=\"_new\" rel=\"noopener\" data-start=\"234\" data-end=\"254\">www.conceptflats.com<\/a><span class=\"Apple-converted-space\">\u00a0<\/span>sul trattamento dei dati personali che possono essere forniti durante la navigazione, tramite i moduli disponibili sul sito web o in occasione della contrattazione dei servizi offerti.<\/p>\r\n<p data-start=\"441\" data-end=\"851\">Il trattamento dei dati personali viene effettuato in conformit\u00e0 a quanto previsto dal Regolamento (UE) 2016\/679 del Parlamento Europeo e del Consiglio del 27 aprile 2016 (Regolamento Generale sulla Protezione dei Dati), dalla Legge Organica 3\/2018 sulla Protezione dei Dati Personali e la Garanzia dei Diritti Digitali, nonch\u00e9 dalla normativa applicabile in materia di servizi della societ\u00e0 dell\u2019informazione.<\/p>\r\n<p data-start=\"853\" data-end=\"1085\">La navigazione nel sito web implica che l\u2019utente sia stato informato delle condizioni relative alla protezione dei dati personali e che accetti il trattamento degli stessi nei termini stabiliti nella presente Politica sulla Privacy.<\/p>\r\n<h2 data-start=\"1087\" data-end=\"1117\">1. TITOLARE DEL TRATTAMENTO<\/h2>\r\n<p data-start=\"1119\" data-end=\"1281\">Il titolare del trattamento dei dati personali \u00e8 la societ\u00e0 Navajas Hosting S.L., con CIF B67637686, che opera commercialmente con la denominazione Concept Flats.<\/p>\r\n<p data-start=\"1283\" data-end=\"1338\">Sede legale:<br data-start=\"1295\" data-end=\"1298\" \/>Av. Amado Granell Mesado 75, ufficio 3C.<\/p>\r\n<p data-start=\"1340\" data-end=\"1436\">La societ\u00e0 \u00e8 iscritta al Registro Mercantile di Valencia, Tomo 11070, Folio 25, Foglio V-201022.<\/p>\r\n<p data-start=\"1438\" data-end=\"1597\">Per qualsiasi questione relativa alla protezione dei dati personali, gli utenti possono contattare il titolare tramite l\u2019indirizzo email<span class=\"Apple-converted-space\">\u00a0<\/span><a class=\"decorated-link cursor-pointer\" rel=\"noopener\" data-start=\"1575\" data-end=\"1596\">info@conceptflats.com<\/a>.<\/p>\r\n<h2 data-start=\"1599\" data-end=\"1655\">2. FINALIT\u00c0 E BASE GIURIDICA DEL TRATTAMENTO DEI DATI<\/h2>\r\n<p data-start=\"1657\" data-end=\"1792\">I dati personali forniti dagli utenti saranno trattati per diverse finalit\u00e0 a seconda del rapporto che intrattengono con Concept Flats.<\/p>\r\n<p data-start=\"1794\" data-end=\"2282\">Quando l\u2019utente effettua una prenotazione o contratta uno dei servizi offerti attraverso il sito web, i suoi dati saranno trattati al fine di gestire la prenotazione, formalizzare il rapporto contrattuale, amministrare il servizio di alloggio, monitorare il soggiorno e gestire eventuali incidenti o richieste che possano sorgere durante la prestazione del servizio. In questi casi la base giuridica del trattamento \u00e8 l\u2019esecuzione del contratto o l\u2019applicazione di misure precontrattuali.<\/p>\r\n<p data-start=\"2284\" data-end=\"2657\">I dati forniti tramite i moduli di contatto disponibili sul sito web saranno trattati al fine di rispondere alle richieste di informazioni, domande o comunicazioni effettuate dagli utenti. La base giuridica che legittima tale trattamento \u00e8 il consenso dell\u2019utente al momento dell\u2019invio della richiesta e il legittimo interesse a gestire adeguatamente le richieste ricevute.<\/p>\r\n<p data-start=\"2659\" data-end=\"3002\">In alcuni casi, e sempre che l\u2019utente abbia prestato il proprio consenso, i dati potranno essere utilizzati per l\u2019invio di comunicazioni commerciali relative ai servizi offerti da Concept Flats, come promozioni, novit\u00e0 o informazioni di interesse. L\u2019utente potr\u00e0 revocare in qualsiasi momento il proprio consenso a ricevere tali comunicazioni.<\/p>\r\n<p data-start=\"3004\" data-end=\"3335\">Inoltre, in conformit\u00e0 con la normativa vigente in materia di sicurezza pubblica e registrazione documentale dei viaggiatori, Concept Flats potr\u00e0 trattare determinati dati degli ospiti al fine di comunicare le informazioni richieste alle autorit\u00e0 competenti. Questo trattamento viene effettuato in adempimento di un obbligo legale.<\/p>\r\n<p data-start=\"3337\" data-end=\"3763\">Durante la navigazione nel sito web possono inoltre essere trattati alcuni dati tecnici tramite cookie o tecnologie simili al fine di analizzare l\u2019utilizzo del sito web, migliorare l\u2019esperienza di navigazione degli utenti e ottenere statistiche sull\u2019utilizzo del sito. Tale trattamento viene effettuato in conformit\u00e0 a quanto stabilito nella Politica sui Cookie e sulla base del consenso fornito dall\u2019utente quando necessario.<\/p>\r\n<p data-start=\"3765\" data-end=\"4226\">Il sito web pu\u00f2 ospitare altre applicazioni o servizi di social network al fine di facilitare la condivisione di contenuti. Qualsiasi informazione personale fornita dall\u2019utente pu\u00f2 essere condivisa con altri utenti di tali servizi, sui quali non abbiamo alcun controllo. Trattiamo i vostri dati personali con la finalit\u00e0 di (i) rispondere alle vostre domande e richieste, (ii) gestire il servizio richiesto, interagire con voi e creare una comunit\u00e0 di follower.<\/p>\r\n<p data-start=\"4228\" data-end=\"5051\">Il sito web pu\u00f2 offrire funzionalit\u00e0 per condividere contenuti tramite applicazioni di terze parti come Facebook, Instagram, LinkedIn o altre in futuro. Queste applicazioni possono raccogliere e trattare informazioni relative alla navigazione dell\u2019utente su diversi siti web. Qualsiasi informazione personale raccolta tramite queste applicazioni pu\u00f2 essere utilizzata da altri utenti delle stesse. Le vostre interazioni sono soggette alle politiche sulla privacy delle aziende che forniscono tali applicazioni. La base legale per il trattamento dei vostri dati \u00e8 l\u2019accettazione del rapporto contrattuale con il fornitore del social network corrispondente al momento della registrazione alla sua applicazione e in conformit\u00e0 alle sue politiche sulla privacy, che sono esterne a noi e sulle quali non abbiamo alcun controllo.<\/p>\r\n<p data-start=\"5053\" data-end=\"5569\">Quando la vostra richiesta \u00e8 relativa all\u2019esercizio dei diritti di protezione dei dati di cui vi informiamo di seguito, o a reclami relativi ai nostri servizi, la finalit\u00e0 \u00e8 quella di gestire la richiesta o il reclamo dell\u2019utente. Nell\u2019adempimento di tali obblighi potremo comunicare i vostri dati alle Pubbliche Amministrazioni e ai tribunali, qualora tali informazioni siano richieste secondo i procedimenti legali stabiliti. La base giuridica per il trattamento dei vostri dati \u00e8 l\u2019adempimento di obblighi legali.<\/p>\r\n<h2 data-start=\"5571\" data-end=\"5603\">3. CATEGORIE DI DATI TRATTATI<\/h2>\r\n<p data-start=\"5605\" data-end=\"5747\">Concept Flats pu\u00f2 trattare diverse categorie di dati personali a seconda dell\u2019interazione dell\u2019utente con il sito web o con i servizi offerti.<\/p>\r\n<p data-start=\"5749\" data-end=\"6032\">Tra i dati che possono essere trattati vi sono i dati identificativi e di contatto forniti dall\u2019utente, come nome e cognome, numero di telefono o indirizzo email, nonch\u00e9 i dati necessari per la gestione delle prenotazioni di alloggio, come le date di soggiorno o il numero di ospiti.<\/p>\r\n<p data-start=\"6034\" data-end=\"6250\">Per quanto riguarda i pagamenti associati alle prenotazioni, questi vengono gestiti tramite gateway di pagamento esterni, pertanto Concept Flats non memorizza i dati completi delle carte utilizzate nelle transazioni.<\/p>\r\n<p data-start=\"6252\" data-end=\"6496\">Inoltre, durante la navigazione nel sito web possono essere raccolti dati tecnici relativi all\u2019accesso al sito web, come l\u2019indirizzo IP, il tipo di browser utilizzato, il dispositivo utilizzato per accedere al sito o la data e l\u2019ora di accesso.<\/p>\r\n<h2 data-start=\"6498\" data-end=\"6524\">4. DESTINATARI DEI DATI<\/h2>\r\n<p data-start=\"6526\" data-end=\"6715\">I dati personali degli utenti non saranno comunicati a terzi salvo nei casi in cui esista un obbligo legale o quando ci\u00f2 sia necessario per la corretta prestazione del servizio contrattato.<\/p>\r\n<p data-start=\"6717\" data-end=\"6948\">In particolare, alcuni dati potranno essere comunicati alle Forze e ai Corpi di Sicurezza dello Stato o ad altri organismi pubblici competenti, in conformit\u00e0 con la normativa applicabile in materia di registrazione dei viaggiatori.<\/p>\r\n<p data-start=\"6950\" data-end=\"7479\">Concept Flats pu\u00f2 inoltre avvalersi di fornitori di servizi che agiscono come responsabili del trattamento e che possono avere accesso ai dati personali nell\u2019ambito della prestazione di servizi necessari al funzionamento del sito web o alla gestione delle prenotazioni e dei pagamenti, come servizi di hosting web, piattaforme di gestione delle prenotazioni o gateway di pagamento. In tali casi sono stati stipulati i relativi contratti di trattamento dei dati per garantire il rispetto della normativa sulla protezione dei dati.<\/p>\r\n<h2 data-start=\"7481\" data-end=\"7509\">5. CONSERVAZIONE DEI DATI<\/h2>\r\n<p data-start=\"7511\" data-end=\"7703\">I dati personali saranno conservati per il tempo necessario a soddisfare le finalit\u00e0 per cui sono stati raccolti e finch\u00e9 rimarr\u00e0 in essere il rapporto contrattuale o commerciale con l\u2019utente.<\/p>\r\n<p data-start=\"7705\" data-end=\"8142\">Successivamente i dati potranno essere conservati, debitamente bloccati, per i periodi necessari al rispetto degli obblighi legali applicabili e saranno disponibili solo su richiesta di giudici e tribunali, del pubblico ministero o delle pubbliche amministrazioni competenti, in particolare l\u2019autorit\u00e0 per la protezione dei dati, durante il periodo di prescrizione delle eventuali azioni legali, per poi essere successivamente eliminati.<\/p>\r\n<p data-start=\"8144\" data-end=\"8424\">In particolare, i dati relativi alla fatturazione potranno essere conservati per i periodi previsti dalla normativa fiscale e contabile, mentre i dati relativi alla registrazione dei viaggiatori saranno conservati per il periodo richiesto dalla normativa sulla sicurezza pubblica.<\/p>\r\n<h2 data-start=\"8426\" data-end=\"8452\">6. DIRITTI DEGLI UTENTI<\/h2>\r\n<p data-start=\"8454\" data-end=\"8588\">La normativa sulla protezione dei dati riconosce agli utenti una serie di diritti in relazione al trattamento dei loro dati personali.<\/p>\r\n<p data-start=\"8590\" data-end=\"9101\">In particolare, gli utenti hanno il diritto di ottenere la conferma dell\u2019esistenza o meno di un trattamento di dati personali che li riguardano e, se del caso, di accedere a tali dati, richiedere la rettifica dei dati inesatti o incompleti, richiedere la cancellazione dei dati quando non siano pi\u00f9 necessari per le finalit\u00e0 per cui sono stati raccolti, richiedere la limitazione del trattamento in determinate circostanze, opporsi al trattamento dei propri dati e richiederne la portabilit\u00e0 quando applicabile.<\/p>\r\n<p data-start=\"9103\" data-end=\"9313\">Gli utenti possono inoltre revocare in qualsiasi momento il consenso prestato per il trattamento dei propri dati, senza che ci\u00f2 pregiudichi la liceit\u00e0 del trattamento basato sul consenso precedente alla revoca.<\/p>\r\n<p data-start=\"9315\" data-end=\"9549\">Per esercitare tali diritti, l\u2019utente pu\u00f2 contattare Concept Flats tramite comunicazione scritta all\u2019indirizzo email<span class=\"Apple-converted-space\">\u00a0<\/span><a class=\"decorated-link cursor-pointer\" rel=\"noopener\" data-start=\"9432\" data-end=\"9453\">info@conceptflats.com<\/a><span class=\"Apple-converted-space\">\u00a0<\/span>indicando nell\u2019oggetto \u201cProtezione dei Dati\u201d e specificando il diritto che desidera esercitare.<\/p>\r\n<p data-start=\"9551\" data-end=\"9713\">Inoltre, qualora ritenga che i propri diritti non siano stati adeguatamente tutelati, potr\u00e0 presentare un reclamo all\u2019Agenzia Spagnola per la Protezione dei Dati.<\/p>\r\n<h2 data-start=\"9715\" data-end=\"9740\">7. MISURE DI SICUREZZA<\/h2>\r\n<p data-start=\"9742\" data-end=\"9902\">Concept Flats adotta le misure tecniche e organizzative necessarie per garantire un livello di sicurezza adeguato al rischio del trattamento dei dati personali.<\/p>\r\n<p data-start=\"9904\" data-end=\"10382\">Tra tali misure figurano l\u2019utilizzo di connessioni sicure tramite protocollo HTTPS, l\u2019uso di certificati di sicurezza TLS, la realizzazione periodica di copie di backup dei sistemi, l\u2019implementazione di meccanismi di controllo degli accessi ai sistemi, la cifratura delle password e l\u2019adozione di sistemi di rilevamento di accessi o attivit\u00e0 malevole, con l\u2019obiettivo di evitare la perdita, l\u2019alterazione, l\u2019accesso non autorizzato o il trattamento improprio dei dati personali.<\/p>\r\n<h2 data-start=\"10384\" data-end=\"10396\">8. MINORI<\/h2>\r\n<p data-start=\"10398\" data-end=\"10631\">I servizi offerti attraverso il sito web non sono rivolti a minori di quattordici anni. Nel caso in cui un minore fornisca dati personali tramite il sito web, sar\u00e0 necessaria la previa autorizzazione dei genitori o dei tutori legali.<\/p>\r\n<h2 data-start=\"10633\" data-end=\"10676\">9. MODIFICHE ALLA POLITICA SULLA PRIVACY<\/h2>\r\n<p data-start=\"10678\" data-end=\"10964\">Concept Flats si riserva il diritto di modificare la presente Politica sulla Privacy al fine di adattarla a cambiamenti legislativi o a nuove funzionalit\u00e0 del sito web. In caso di modifiche rilevanti, queste saranno pubblicate sul sito web affinch\u00e9 gli utenti possano esserne informati.<\/p><\/div>\r\n<\/div><\/div>\n","protected":false},"excerpt":{"rendered":"","protected":false},"author":1,"featured_media":0,"parent":0,"menu_order":0,"comment_status":"closed","ping_status":"closed","template":"","meta":{"_joinchat":[],"footnotes":""},"class_list":["post-3827","page","type-page","status-publish","hentry"],"yoast_head":"<!-- This site is optimized with the Yoast SEO plugin v27.4 - https:\/\/yoast.com\/product\/yoast-seo-wordpress\/ -->\n<title>Politica di Privacy - Concept Flats Valencia<\/title>\n<meta name=\"robots\" content=\"noindex, nofollow\" \/>\n<meta property=\"og:locale\" content=\"it_IT\" \/>\n<meta property=\"og:type\" content=\"article\" \/>\n<meta property=\"og:title\" content=\"Politica di Privacy - Concept Flats Valencia\" \/>\n<meta property=\"og:url\" content=\"https:\/\/www.conceptflats.com\/it\/politica-di-privacy\/\" \/>\n<meta property=\"og:site_name\" content=\"Concept Flats Valencia\" \/>\n<meta name=\"twitter:card\" content=\"summary_large_image\" \/>\n<script type=\"application\/ld+json\" class=\"yoast-schema-graph\">{\"@context\":\"https:\\\/\\\/schema.org\",\"@graph\":[{\"@type\":\"WebPage\",\"@id\":\"https:\\\/\\\/www.conceptflats.com\\\/it\\\/politica-di-privacy\\\/\",\"url\":\"https:\\\/\\\/www.conceptflats.com\\\/it\\\/politica-di-privacy\\\/\",\"name\":\"Politica di Privacy - Concept Flats Valencia\",\"isPartOf\":{\"@id\":\"https:\\\/\\\/www.conceptflats.com\\\/it\\\/#website\"},\"datePublished\":\"2026-03-31T06:54:03+00:00\",\"breadcrumb\":{\"@id\":\"https:\\\/\\\/www.conceptflats.com\\\/it\\\/politica-di-privacy\\\/#breadcrumb\"},\"inLanguage\":\"it-IT\",\"potentialAction\":[{\"@type\":\"ReadAction\",\"target\":[\"https:\\\/\\\/www.conceptflats.com\\\/it\\\/politica-di-privacy\\\/\"]}]},{\"@type\":\"BreadcrumbList\",\"@id\":\"https:\\\/\\\/www.conceptflats.com\\\/it\\\/politica-di-privacy\\\/#breadcrumb\",\"itemListElement\":[{\"@type\":\"ListItem\",\"position\":1,\"name\":\"Home\",\"item\":\"https:\\\/\\\/www.conceptflats.com\\\/it\\\/\"},{\"@type\":\"ListItem\",\"position\":2,\"name\":\"Politica di Privacy\"}]},{\"@type\":\"WebSite\",\"@id\":\"https:\\\/\\\/www.conceptflats.com\\\/it\\\/#website\",\"url\":\"https:\\\/\\\/www.conceptflats.com\\\/it\\\/\",\"name\":\"Concept Flats Valencia\",\"description\":\"\",\"publisher\":{\"@id\":\"https:\\\/\\\/www.conceptflats.com\\\/it\\\/#organization\"},\"potentialAction\":[{\"@type\":\"SearchAction\",\"target\":{\"@type\":\"EntryPoint\",\"urlTemplate\":\"https:\\\/\\\/www.conceptflats.com\\\/it\\\/?s={search_term_string}\"},\"query-input\":{\"@type\":\"PropertyValueSpecification\",\"valueRequired\":true,\"valueName\":\"search_term_string\"}}],\"inLanguage\":\"it-IT\"},{\"@type\":\"Organization\",\"@id\":\"https:\\\/\\\/www.conceptflats.com\\\/it\\\/#organization\",\"name\":\"Concept Flats Valencia\",\"url\":\"https:\\\/\\\/www.conceptflats.com\\\/it\\\/\",\"logo\":{\"@type\":\"ImageObject\",\"inLanguage\":\"it-IT\",\"@id\":\"https:\\\/\\\/www.conceptflats.com\\\/it\\\/#\\\/schema\\\/logo\\\/image\\\/\",\"url\":\"https:\\\/\\\/www.conceptflats.com\\\/wp-content\\\/uploads\\\/2025\\\/02\\\/Concept-Flats.png\",\"contentUrl\":\"https:\\\/\\\/www.conceptflats.com\\\/wp-content\\\/uploads\\\/2025\\\/02\\\/Concept-Flats.png\",\"width\":400,\"height\":121,\"caption\":\"Concept Flats Valencia\"},\"image\":{\"@id\":\"https:\\\/\\\/www.conceptflats.com\\\/it\\\/#\\\/schema\\\/logo\\\/image\\\/\"}}]}<\/script>\n<!-- \/ Yoast SEO plugin. -->","yoast_head_json":{"title":"Politica di Privacy - Concept Flats Valencia","robots":{"index":"noindex","follow":"nofollow"},"og_locale":"it_IT","og_type":"article","og_title":"Politica di Privacy - Concept Flats Valencia","og_url":"https:\/\/www.conceptflats.com\/it\/politica-di-privacy\/","og_site_name":"Concept Flats Valencia","twitter_card":"summary_large_image","schema":{"@context":"https:\/\/schema.org","@graph":[{"@type":"WebPage","@id":"https:\/\/www.conceptflats.com\/it\/politica-di-privacy\/","url":"https:\/\/www.conceptflats.com\/it\/politica-di-privacy\/","name":"Politica di Privacy - Concept Flats Valencia","isPartOf":{"@id":"https:\/\/www.conceptflats.com\/it\/#website"},"datePublished":"2026-03-31T06:54:03+00:00","breadcrumb":{"@id":"https:\/\/www.conceptflats.com\/it\/politica-di-privacy\/#breadcrumb"},"inLanguage":"it-IT","potentialAction":[{"@type":"ReadAction","target":["https:\/\/www.conceptflats.com\/it\/politica-di-privacy\/"]}]},{"@type":"BreadcrumbList","@id":"https:\/\/www.conceptflats.com\/it\/politica-di-privacy\/#breadcrumb","itemListElement":[{"@type":"ListItem","position":1,"name":"Home","item":"https:\/\/www.conceptflats.com\/it\/"},{"@type":"ListItem","position":2,"name":"Politica di Privacy"}]},{"@type":"WebSite","@id":"https:\/\/www.conceptflats.com\/it\/#website","url":"https:\/\/www.conceptflats.com\/it\/","name":"Concept Flats Valencia","description":"","publisher":{"@id":"https:\/\/www.conceptflats.com\/it\/#organization"},"potentialAction":[{"@type":"SearchAction","target":{"@type":"EntryPoint","urlTemplate":"https:\/\/www.conceptflats.com\/it\/?s={search_term_string}"},"query-input":{"@type":"PropertyValueSpecification","valueRequired":true,"valueName":"search_term_string"}}],"inLanguage":"it-IT"},{"@type":"Organization","@id":"https:\/\/www.conceptflats.com\/it\/#organization","name":"Concept Flats Valencia","url":"https:\/\/www.conceptflats.com\/it\/","logo":{"@type":"ImageObject","inLanguage":"it-IT","@id":"https:\/\/www.conceptflats.com\/it\/#\/schema\/logo\/image\/","url":"https:\/\/www.conceptflats.com\/wp-content\/uploads\/2025\/02\/Concept-Flats.png","contentUrl":"https:\/\/www.conceptflats.com\/wp-content\/uploads\/2025\/02\/Concept-Flats.png","width":400,"height":121,"caption":"Concept Flats Valencia"},"image":{"@id":"https:\/\/www.conceptflats.com\/it\/#\/schema\/logo\/image\/"}}]}},"_links":{"self":[{"href":"https:\/\/www.conceptflats.com\/it\/wp-json\/wp\/v2\/pages\/3827","targetHints":{"allow":["GET"]}}],"collection":[{"href":"https:\/\/www.conceptflats.com\/it\/wp-json\/wp\/v2\/pages"}],"about":[{"href":"https:\/\/www.conceptflats.com\/it\/wp-json\/wp\/v2\/types\/page"}],"author":[{"embeddable":true,"href":"https:\/\/www.conceptflats.com\/it\/wp-json\/wp\/v2\/users\/1"}],"replies":[{"embeddable":true,"href":"https:\/\/www.conceptflats.com\/it\/wp-json\/wp\/v2\/comments?post=3827"}],"version-history":[{"count":0,"href":"https:\/\/www.conceptflats.com\/it\/wp-json\/wp\/v2\/pages\/3827\/revisions"}],"wp:attachment":[{"href":"https:\/\/www.conceptflats.com\/it\/wp-json\/wp\/v2\/media?parent=3827"}],"curies":[{"name":"wp","href":"https:\/\/api.w.org\/{rel}","templated":true}]}}