{"id":3824,"date":"2026-03-31T06:54:03","date_gmt":"2026-03-31T06:54:03","guid":{"rendered":"https:\/\/www.conceptflats.com\/avviso-legale\/"},"modified":"2026-03-31T06:54:03","modified_gmt":"2026-03-31T06:54:03","slug":"avviso-legale","status":"publish","type":"page","link":"https:\/\/www.conceptflats.com\/it\/avviso-legale\/","title":{"rendered":"Avviso legale"},"content":{"rendered":"<div id=\"politicas-contenido\"><div class=\"box\">\n<div id=\"contentNuevoAvisoLegal\">\n    <h1 data-start=\"106\" data-end=\"121\">AVVISO LEGALE<\/h1>\r\n<p data-start=\"123\" data-end=\"368\">Il presente Avviso Legale disciplina l\u2019accesso, la navigazione e l\u2019utilizzo del sito web<span class=\"Apple-converted-space\">\u00a0<\/span><a class=\"decorated-link\" href=\"http:\/\/www.conceptflats.com\/\" target=\"_new\" rel=\"noopener\" data-start=\"212\" data-end=\"232\">www.conceptflats.com<\/a><span class=\"Apple-converted-space\">\u00a0<\/span>(di seguito, il \u201csito web\u201d), di propriet\u00e0 di Navajas Hosting S.L., nonch\u00e9 le responsabilit\u00e0 derivanti dall\u2019utilizzo dei suoi contenuti.<\/p>\r\n<p data-start=\"370\" data-end=\"765\">L\u2019accesso e l\u2019utilizzo del sito web attribuiscono la qualifica di utente e implicano l\u2019accettazione piena e senza riserve di tutte le disposizioni incluse nel presente Avviso Legale nel momento in cui l\u2019utente vi accede. Di conseguenza, l\u2019utente \u00e8 tenuto a leggere attentamente il presente Avviso Legale ogni volta che intenda utilizzare il sito web, poich\u00e9 potrebbe essere soggetto a modifiche.<\/p>\r\n<h2 data-start=\"767\" data-end=\"814\">1. IDENTIFICAZIONE DEL TITOLARE DEL SITO WEB<\/h2>\r\n<p data-start=\"816\" data-end=\"1102\">In conformit\u00e0 a quanto previsto dall\u2019articolo 10 della Legge 34\/2002 sui Servizi della Societ\u00e0 dell\u2019Informazione e del Commercio Elettronico, si informa che il titolare del sito web \u00e8 Navajas Hosting S.L., che opera commercialmente con la denominazione Concept Flats, con CIF B67637686.<\/p>\r\n<p data-start=\"1104\" data-end=\"1265\">Sede legale: Av. Amado Granell Mesado 75, ufficio 3C, 46950 Xirivella (Valencia), Spagna.<br data-start=\"1193\" data-end=\"1196\" \/>Email:<span class=\"Apple-converted-space\">\u00a0<\/span><a class=\"decorated-link cursor-pointer\" rel=\"noopener\" data-start=\"1203\" data-end=\"1224\">info@conceptflats.com<\/a><br data-start=\"1224\" data-end=\"1227\" \/>Telefono di contatto: +34 960 302 571.<\/p>\r\n<p data-start=\"1267\" data-end=\"1352\">Iscritta al Registro Mercantile di Valencia, Tomo 11070, Foglio 25, Sezione V-201022.<\/p>\r\n<h2 data-start=\"1354\" data-end=\"1381\">2. FINALIT\u00c0 DEL SITO WEB<\/h2>\r\n<p data-start=\"1383\" data-end=\"1677\">Il sito web ha lo scopo di offrire informazioni sui servizi di gestione di appartamenti turistici forniti da Concept Flats, mostrare gli alloggi disponibili, facilitare il processo di prenotazione e permettere agli utenti di contattare l\u2019azienda per richiedere informazioni sui servizi offerti.<\/p>\r\n<p data-start=\"1679\" data-end=\"1794\">L\u2019accesso al sito web \u00e8 gratuito, fatto salvo che determinati servizi possano richiedere una previa contrattazione.<\/p>\r\n<h2 data-start=\"1796\" data-end=\"1824\">3. CONDIZIONI DI UTILIZZO<\/h2>\r\n<p data-start=\"1826\" data-end=\"2044\">L\u2019utente si impegna a fare un uso appropriato del sito web e dei contenuti e servizi offerti attraverso lo stesso, in conformit\u00e0 alla normativa vigente, al presente Avviso Legale, alla buona fede e all\u2019ordine pubblico.<\/p>\r\n<p data-start=\"2046\" data-end=\"2231\">\u00c8 vietato utilizzare il sito web per finalit\u00e0 illecite o dannose nei confronti di Concept Flats o di terzi, o che possano causare danni o impedire il normale funzionamento del sito web.<\/p>\r\n<p data-start=\"2233\" data-end=\"2436\">L\u2019utente si impegna a non porre in essere comportamenti che possano danneggiare, rendere inutilizzabile, sovraccaricare o deteriorare il sito web o impedirne il normale utilizzo da parte di altri utenti.<\/p>\r\n<h2 data-start=\"2438\" data-end=\"2481\">4. PROPRIET\u00c0 INTELLETTUALE E INDUSTRIALE<\/h2>\r\n<p data-start=\"2483\" data-end=\"2775\">Tutti i contenuti del sito web, inclusi testi, immagini, design, loghi, file, software, struttura, grafica e codice sorgente, sono di propriet\u00e0 di Concept Flats o di terzi che ne hanno autorizzato l\u2019utilizzo e sono protetti dalla normativa in materia di propriet\u00e0 intellettuale e industriale.<\/p>\r\n<p data-start=\"2777\" data-end=\"3023\">\u00c8 vietata la riproduzione, distribuzione, comunicazione pubblica, trasformazione o qualsiasi altra forma di sfruttamento dei contenuti del sito web senza la previa ed espressa autorizzazione di Concept Flats o dei rispettivi titolari dei diritti.<\/p>\r\n<p data-start=\"3025\" data-end=\"3181\">L\u2019utente pu\u00f2 visualizzare i contenuti del sito web ed eventualmente stamparli o salvarli sul proprio dispositivo esclusivamente per uso personale e privato.<\/p>\r\n<h2 data-start=\"3183\" data-end=\"3203\">5. RESPONSABILIT\u00c0<\/h2>\r\n<p data-start=\"3205\" data-end=\"3395\">Concept Flats non \u00e8 responsabile per eventuali danni o pregiudizi derivanti dall\u2019utilizzo delle informazioni contenute nel sito web n\u00e9 dall\u2019uso improprio dei contenuti da parte degli utenti.<\/p>\r\n<p data-start=\"3397\" data-end=\"3651\">Concept Flats non garantisce l\u2019assenza di interruzioni o errori nell\u2019accesso al sito web n\u00e9 che i suoi contenuti siano costantemente aggiornati, sebbene si impegni a fare il possibile per evitare, correggere o aggiornare tali contenuti quando necessario.<\/p>\r\n<p data-start=\"3653\" data-end=\"3844\">Allo stesso modo, Concept Flats non \u00e8 responsabile per eventuali danni derivanti dalla presenza di virus o altri elementi che possano causare alterazioni nei sistemi informatici degli utenti.<\/p>\r\n<h2 data-start=\"3846\" data-end=\"3876\">6. LINK A SITI WEB DI TERZI<\/h2>\r\n<p data-start=\"3878\" data-end=\"4020\">Il sito web pu\u00f2 contenere collegamenti a siti web di terzi con lo scopo di facilitare l\u2019accesso a informazioni aggiuntive o servizi correlati.<\/p>\r\n<p data-start=\"4022\" data-end=\"4184\">Concept Flats non \u00e8 responsabile dei contenuti, delle politiche sulla privacy o delle pratiche di tali siti web esterni, n\u00e9 dell\u2019uso che gli utenti possano farne.<\/p>\r\n<h2 data-start=\"4186\" data-end=\"4221\">7. PROTEZIONE DEI DATI PERSONALI<\/h2>\r\n<p data-start=\"4223\" data-end=\"4370\">Il trattamento dei dati personali degli utenti viene effettuato in conformit\u00e0 con la normativa vigente in materia di protezione dei dati personali.<\/p>\r\n<p data-start=\"4372\" data-end=\"4542\">Per ottenere informazioni dettagliate su come vengono trattati i dati personali degli utenti, \u00e8 possibile consultare l\u2019Informativa sulla Privacy disponibile sul sito web.<\/p>\r\n<h2 data-start=\"4544\" data-end=\"4564\">8. USO DEI COOKIE<\/h2>\r\n<p data-start=\"4566\" data-end=\"4738\">Il sito web pu\u00f2 utilizzare cookie e tecnologie simili per migliorare l\u2019esperienza di navigazione dell\u2019utente e ottenere informazioni statistiche sull\u2019utilizzo del sito web.<\/p>\r\n<p data-start=\"4740\" data-end=\"4862\">L\u2019utente pu\u00f2 consultare informazioni dettagliate sull\u2019uso dei cookie nell\u2019Informativa sui Cookie disponibile sul sito web.<\/p>\r\n<h2 data-start=\"4864\" data-end=\"4903\">9. LEGGE APPLICABILE E GIURISDIZIONE<\/h2>\r\n<p data-start=\"4905\" data-end=\"4970\">Il presente Avviso Legale \u00e8 regolato dalla legislazione spagnola.<\/p>\r\n<p data-start=\"4972\" data-end=\"5171\">Per la risoluzione di qualsiasi controversia che possa sorgere in relazione all\u2019accesso o all\u2019utilizzo del sito web, le parti si sottopongono ai tribunali competenti secondo la normativa applicabile.<\/p><\/div>\n<\/div><\/div>\n","protected":false},"excerpt":{"rendered":"","protected":false},"author":1,"featured_media":0,"parent":0,"menu_order":0,"comment_status":"closed","ping_status":"closed","template":"","meta":{"_joinchat":[],"footnotes":""},"class_list":["post-3824","page","type-page","status-publish","hentry"],"yoast_head":"<!-- This site is optimized with the Yoast SEO plugin v27.5 - https:\/\/yoast.com\/product\/yoast-seo-wordpress\/ -->\n<title>Avviso legale - Concept Flats Valencia<\/title>\n<meta name=\"robots\" content=\"noindex, nofollow\" \/>\n<meta property=\"og:locale\" content=\"it_IT\" \/>\n<meta property=\"og:type\" content=\"article\" \/>\n<meta property=\"og:title\" content=\"Avviso legale - Concept Flats Valencia\" \/>\n<meta property=\"og:url\" content=\"https:\/\/www.conceptflats.com\/it\/avviso-legale\/\" \/>\n<meta property=\"og:site_name\" content=\"Concept Flats Valencia\" \/>\n<meta name=\"twitter:card\" content=\"summary_large_image\" \/>\n<script type=\"application\/ld+json\" class=\"yoast-schema-graph\">{\"@context\":\"https:\\\/\\\/schema.org\",\"@graph\":[{\"@type\":\"WebPage\",\"@id\":\"https:\\\/\\\/www.conceptflats.com\\\/it\\\/avviso-legale\\\/\",\"url\":\"https:\\\/\\\/www.conceptflats.com\\\/it\\\/avviso-legale\\\/\",\"name\":\"Avviso legale - Concept Flats Valencia\",\"isPartOf\":{\"@id\":\"https:\\\/\\\/www.conceptflats.com\\\/it\\\/#website\"},\"datePublished\":\"2026-03-31T06:54:03+00:00\",\"breadcrumb\":{\"@id\":\"https:\\\/\\\/www.conceptflats.com\\\/it\\\/avviso-legale\\\/#breadcrumb\"},\"inLanguage\":\"it-IT\",\"potentialAction\":[{\"@type\":\"ReadAction\",\"target\":[\"https:\\\/\\\/www.conceptflats.com\\\/it\\\/avviso-legale\\\/\"]}]},{\"@type\":\"BreadcrumbList\",\"@id\":\"https:\\\/\\\/www.conceptflats.com\\\/it\\\/avviso-legale\\\/#breadcrumb\",\"itemListElement\":[{\"@type\":\"ListItem\",\"position\":1,\"name\":\"Home\",\"item\":\"https:\\\/\\\/www.conceptflats.com\\\/it\\\/\"},{\"@type\":\"ListItem\",\"position\":2,\"name\":\"Avviso legale\"}]},{\"@type\":\"WebSite\",\"@id\":\"https:\\\/\\\/www.conceptflats.com\\\/it\\\/#website\",\"url\":\"https:\\\/\\\/www.conceptflats.com\\\/it\\\/\",\"name\":\"Concept Flats Valencia\",\"description\":\"\",\"publisher\":{\"@id\":\"https:\\\/\\\/www.conceptflats.com\\\/it\\\/#organization\"},\"potentialAction\":[{\"@type\":\"SearchAction\",\"target\":{\"@type\":\"EntryPoint\",\"urlTemplate\":\"https:\\\/\\\/www.conceptflats.com\\\/it\\\/?s={search_term_string}\"},\"query-input\":{\"@type\":\"PropertyValueSpecification\",\"valueRequired\":true,\"valueName\":\"search_term_string\"}}],\"inLanguage\":\"it-IT\"},{\"@type\":\"Organization\",\"@id\":\"https:\\\/\\\/www.conceptflats.com\\\/it\\\/#organization\",\"name\":\"Concept Flats Valencia\",\"url\":\"https:\\\/\\\/www.conceptflats.com\\\/it\\\/\",\"logo\":{\"@type\":\"ImageObject\",\"inLanguage\":\"it-IT\",\"@id\":\"https:\\\/\\\/www.conceptflats.com\\\/it\\\/#\\\/schema\\\/logo\\\/image\\\/\",\"url\":\"https:\\\/\\\/www.conceptflats.com\\\/wp-content\\\/uploads\\\/2025\\\/02\\\/Concept-Flats.png\",\"contentUrl\":\"https:\\\/\\\/www.conceptflats.com\\\/wp-content\\\/uploads\\\/2025\\\/02\\\/Concept-Flats.png\",\"width\":400,\"height\":121,\"caption\":\"Concept Flats Valencia\"},\"image\":{\"@id\":\"https:\\\/\\\/www.conceptflats.com\\\/it\\\/#\\\/schema\\\/logo\\\/image\\\/\"}}]}<\/script>\n<!-- \/ Yoast SEO plugin. -->","yoast_head_json":{"title":"Avviso legale - Concept Flats Valencia","robots":{"index":"noindex","follow":"nofollow"},"og_locale":"it_IT","og_type":"article","og_title":"Avviso legale - Concept Flats Valencia","og_url":"https:\/\/www.conceptflats.com\/it\/avviso-legale\/","og_site_name":"Concept Flats Valencia","twitter_card":"summary_large_image","schema":{"@context":"https:\/\/schema.org","@graph":[{"@type":"WebPage","@id":"https:\/\/www.conceptflats.com\/it\/avviso-legale\/","url":"https:\/\/www.conceptflats.com\/it\/avviso-legale\/","name":"Avviso legale - Concept Flats Valencia","isPartOf":{"@id":"https:\/\/www.conceptflats.com\/it\/#website"},"datePublished":"2026-03-31T06:54:03+00:00","breadcrumb":{"@id":"https:\/\/www.conceptflats.com\/it\/avviso-legale\/#breadcrumb"},"inLanguage":"it-IT","potentialAction":[{"@type":"ReadAction","target":["https:\/\/www.conceptflats.com\/it\/avviso-legale\/"]}]},{"@type":"BreadcrumbList","@id":"https:\/\/www.conceptflats.com\/it\/avviso-legale\/#breadcrumb","itemListElement":[{"@type":"ListItem","position":1,"name":"Home","item":"https:\/\/www.conceptflats.com\/it\/"},{"@type":"ListItem","position":2,"name":"Avviso legale"}]},{"@type":"WebSite","@id":"https:\/\/www.conceptflats.com\/it\/#website","url":"https:\/\/www.conceptflats.com\/it\/","name":"Concept Flats Valencia","description":"","publisher":{"@id":"https:\/\/www.conceptflats.com\/it\/#organization"},"potentialAction":[{"@type":"SearchAction","target":{"@type":"EntryPoint","urlTemplate":"https:\/\/www.conceptflats.com\/it\/?s={search_term_string}"},"query-input":{"@type":"PropertyValueSpecification","valueRequired":true,"valueName":"search_term_string"}}],"inLanguage":"it-IT"},{"@type":"Organization","@id":"https:\/\/www.conceptflats.com\/it\/#organization","name":"Concept Flats Valencia","url":"https:\/\/www.conceptflats.com\/it\/","logo":{"@type":"ImageObject","inLanguage":"it-IT","@id":"https:\/\/www.conceptflats.com\/it\/#\/schema\/logo\/image\/","url":"https:\/\/www.conceptflats.com\/wp-content\/uploads\/2025\/02\/Concept-Flats.png","contentUrl":"https:\/\/www.conceptflats.com\/wp-content\/uploads\/2025\/02\/Concept-Flats.png","width":400,"height":121,"caption":"Concept Flats Valencia"},"image":{"@id":"https:\/\/www.conceptflats.com\/it\/#\/schema\/logo\/image\/"}}]}},"_links":{"self":[{"href":"https:\/\/www.conceptflats.com\/it\/wp-json\/wp\/v2\/pages\/3824","targetHints":{"allow":["GET"]}}],"collection":[{"href":"https:\/\/www.conceptflats.com\/it\/wp-json\/wp\/v2\/pages"}],"about":[{"href":"https:\/\/www.conceptflats.com\/it\/wp-json\/wp\/v2\/types\/page"}],"author":[{"embeddable":true,"href":"https:\/\/www.conceptflats.com\/it\/wp-json\/wp\/v2\/users\/1"}],"replies":[{"embeddable":true,"href":"https:\/\/www.conceptflats.com\/it\/wp-json\/wp\/v2\/comments?post=3824"}],"version-history":[{"count":0,"href":"https:\/\/www.conceptflats.com\/it\/wp-json\/wp\/v2\/pages\/3824\/revisions"}],"wp:attachment":[{"href":"https:\/\/www.conceptflats.com\/it\/wp-json\/wp\/v2\/media?parent=3824"}],"curies":[{"name":"wp","href":"https:\/\/api.w.org\/{rel}","templated":true}]}}